{"id":59,"date":"2022-06-03T09:47:51","date_gmt":"2022-06-03T07:47:51","guid":{"rendered":"http:\/\/peniche-casaiola.fr\/dev\/lnf\/?page_id=8"},"modified":"2025-02-25T17:07:51","modified_gmt":"2025-02-25T16:07:51","slug":"helene-fonchain-sculptrice-carnoux-en-provence-2","status":"publish","type":"page","link":"http:\/\/sculpture.helene-fonchain.fr\/","title":{"rendered":"H\u00e9l\u00e8ne FONCHAIN Sculptrice \u00e0 Carnoux-en-Provence"},"content":{"rendered":"\n<figure class=\"wp-block-pullquote is-style-default\"><blockquote><p><strong>Contact:<\/strong> helene.f.creation@gmail.com<br><br><font style=\"vertical-align: inherit;\"><font style=\"vertical-align: inherit;\"><font style=\"vertical-align: inherit;\"><font style=\"vertical-align: inherit;\">Je veux faire passer l<strong>&#8216;\u00e9motion<\/strong>, <strong>le mouvement <\/strong>\u00e0 travers mes sculptures<\/font><\/font><\/font><\/font> <font style=\"vertical-align: inherit;\"><font style=\"vertical-align: inherit;\"><font style=\"vertical-align: inherit;\"><font style=\"vertical-align: inherit;\">.<\/font><\/font><\/font><\/font>Chaque mod\u00e8le est diff\u00e9rent et, comme dans la danse ou le th\u00e9\u00e2tre, le corps laisse transparaitre des \u00e9motions. <font style=\"vertical-align: inherit;\"><font style=\"vertical-align: inherit;\"><font style=\"vertical-align: inherit;\"><font style=\"vertical-align: inherit;\">J&#8217;aime l&#8217;humain dans sa diversit\u00e9 ainsi que la <strong>sensibilit\u00e9<\/strong> qui se d\u00e9gage de chacun d&#8217;entre nous <\/font><\/font><\/font><\/font><\/p><cite><font style=\"vertical-align: inherit;\"><font style=\"vertical-align: inherit;\"><font style=\"vertical-align: inherit;\"><font style=\"vertical-align: inherit;\">Apr\u00e8s 10 ans de formation en modelage d&#8217;apr\u00e8s <\/font><\/font><\/font><\/font><strong><font style=\"vertical-align: inherit;\"><font style=\"vertical-align: inherit;\"><font style=\"vertical-align: inherit;\"><font style=\"vertical-align: inherit;\">mod\u00e8le vivant<\/font><\/font><\/font><\/font><\/strong><font style=\"vertical-align: inherit;\"><font style=\"vertical-align: inherit;\"><font style=\"vertical-align: inherit;\"><font style=\"vertical-align: inherit;\"> et <\/font><\/font><\/font><\/font><strong><font style=\"vertical-align: inherit;\"><font style=\"vertical-align: inherit;\"><font style=\"vertical-align: inherit;\"><font style=\"vertical-align: inherit;\">moulage<\/font><\/font><\/font><\/font><\/strong><font style=\"vertical-align: inherit;\"><font style=\"vertical-align: inherit;\"><font style=\"vertical-align: inherit;\"><font style=\"vertical-align: inherit;\"> aux Ateliers Beaux Arts de la ville de Paris (notamment avec Philippe Jourdain )<\/font><\/font> en parall\u00e8le de mon premier m\u00e9tier d&#8217; infirmi\u00e8re en h\u00e9matologie,<font style=\"vertical-align: inherit;\"><font style=\"vertical-align: inherit;\">je me consacre maintenant enti\u00e8rement au modelage d&#8217;apr\u00e8s mod\u00e8le vivant<\/font><\/font>.<\/font><\/font><\/cite><\/blockquote><\/figure>\n\n\n\n<p><\/p>\n\n\n\n<figure class=\"wp-block-gallery has-nested-images columns-4 is-cropped wp-block-gallery-1 is-layout-flex wp-block-gallery-is-layout-flex\">\n<figure class=\"wp-block-image size-large\"><img loading=\"lazy\" decoding=\"async\" width=\"202\" height=\"300\" data-id=\"148\" src=\"http:\/\/sculpture.helene-fonchain.fr\/wp-content\/uploads\/2022\/08\/doublons-4-202x300-1.jpg\" alt=\"\" class=\"wp-image-148\" srcset=\"http:\/\/sculpture.helene-fonchain.fr\/wp-content\/uploads\/2022\/08\/doublons-4-202x300-1.jpg 202w, http:\/\/sculpture.helene-fonchain.fr\/wp-content\/uploads\/2022\/08\/doublons-4-202x300-1-100x149.jpg 100w, http:\/\/sculpture.helene-fonchain.fr\/wp-content\/uploads\/2022\/08\/doublons-4-202x300-1-150x223.jpg 150w, http:\/\/sculpture.helene-fonchain.fr\/wp-content\/uploads\/2022\/08\/doublons-4-202x300-1-200x297.jpg 200w\" sizes=\"auto, (max-width: 202px) 100vw, 202px\" \/><\/figure>\n\n\n\n<figure class=\"wp-block-image size-large\"><img loading=\"lazy\" decoding=\"async\" width=\"200\" height=\"200\" data-id=\"150\" src=\"http:\/\/sculpture.helene-fonchain.fr\/wp-content\/uploads\/2022\/08\/P1000910-200x200-1.jpg\" alt=\"\" class=\"wp-image-150\" srcset=\"http:\/\/sculpture.helene-fonchain.fr\/wp-content\/uploads\/2022\/08\/P1000910-200x200-1.jpg 200w, http:\/\/sculpture.helene-fonchain.fr\/wp-content\/uploads\/2022\/08\/P1000910-200x200-1-150x150.jpg 150w, http:\/\/sculpture.helene-fonchain.fr\/wp-content\/uploads\/2022\/08\/P1000910-200x200-1-100x100.jpg 100w\" sizes=\"auto, (max-width: 200px) 100vw, 200px\" \/><\/figure>\n\n\n\n<figure class=\"wp-block-image size-large\"><img loading=\"lazy\" decoding=\"async\" width=\"169\" height=\"300\" data-id=\"147\" src=\"http:\/\/sculpture.helene-fonchain.fr\/wp-content\/uploads\/2022\/08\/20151209_103638-e1449764283360-169x300-1.jpg\" alt=\"\" class=\"wp-image-147\" srcset=\"http:\/\/sculpture.helene-fonchain.fr\/wp-content\/uploads\/2022\/08\/20151209_103638-e1449764283360-169x300-1.jpg 169w, http:\/\/sculpture.helene-fonchain.fr\/wp-content\/uploads\/2022\/08\/20151209_103638-e1449764283360-169x300-1-100x178.jpg 100w, http:\/\/sculpture.helene-fonchain.fr\/wp-content\/uploads\/2022\/08\/20151209_103638-e1449764283360-169x300-1-150x266.jpg 150w\" sizes=\"auto, (max-width: 169px) 100vw, 169px\" \/><\/figure>\n\n\n\n<figure class=\"wp-block-image size-large\"><img loading=\"lazy\" decoding=\"async\" width=\"132\" height=\"200\" data-id=\"149\" src=\"http:\/\/sculpture.helene-fonchain.fr\/wp-content\/uploads\/2022\/08\/LHomme-Bronze-10-12-35cm-3-132x200-1.jpg\" alt=\"\" class=\"wp-image-149\" srcset=\"http:\/\/sculpture.helene-fonchain.fr\/wp-content\/uploads\/2022\/08\/LHomme-Bronze-10-12-35cm-3-132x200-1.jpg 132w, http:\/\/sculpture.helene-fonchain.fr\/wp-content\/uploads\/2022\/08\/LHomme-Bronze-10-12-35cm-3-132x200-1-100x152.jpg 100w\" sizes=\"auto, (max-width: 132px) 100vw, 132px\" \/><\/figure>\n<figcaption class=\"blocks-gallery-caption wp-element-caption\">Quelques oeuvres&#8230;<\/figcaption><\/figure>\n\n\n\n<p><\/p>\n\n\n\n<ul class=\"wp-block-list\">\n<li>M\u00c9DAILLE&nbsp;DE BRONZE, section Artistes Fran\u00e7ais, \u00e0 ART EN CAPITAL au GRAND PALAIS en&nbsp;Novembre 2011 pour le bronze: \u00ab&nbsp;La ronde des mots&nbsp;\u00bb d\u00e9cern\u00e9e par la soci\u00e9t\u00e9 des Artistes Fran\u00e7ais&nbsp;\u00bb .<\/li>\n\n\n\n<li><font style=\"vertical-align: inherit;\"><font style=\"vertical-align: inherit;\">PRIX UNIVERS DES ARTS en septembre 2012, d\u00e9sign\u00e9 par le jury du salon international de Fontenay-Le-Fleury.<\/font><\/font><\/li>\n\n\n\n<li>Premier prix de sculpture au Grand Prix de peinture et sculpture de Sausset-les-Pins en Avril 2023<\/li>\n\n\n\n<li>2\u00e8me prix de sculpture de l&#8217;ACAPS FM sept 2023<\/li>\n<\/ul>\n\n\n\n<p><\/p>\n\n\n\n<h2 class=\"wp-block-heading\"><strong><font style=\"vertical-align: inherit;\"><font style=\"vertical-align: inherit;\">R\u00c9ALISATION DE SCULPTURES PORTRAITS \u00c0 LA DEMANDE<\/font><\/font><\/strong><font style=\"vertical-align: inherit;\"><font style=\"vertical-align: inherit;\"> <\/font><\/font>.<\/h2>\n\n\n\n<p>me contacter<\/p>\n\n\n\n<h3 class=\"wp-block-heading\"><strong><font style=\"vertical-align: inherit;\"><font style=\"vertical-align: inherit;\">Pour faire ou offrir un stage :<\/font><\/font><\/strong><\/h3>\n\n\n\n<h3 class=\"wp-block-heading\"><strong><a href=\"http:\/\/www.atelier-modelage-et-vie.over-blog.com\">www.atelier-modelage-et-vie.over-blog.com<\/a><\/strong><\/h3>\n\n\n\n<h4 class=\"wp-block-heading\"><strong>Maison des artistes, num\u00e9ro d\u2019ordre: F448927<\/strong><\/h4>\n\n\n\n<h4 class=\"wp-block-heading\"><strong>Num\u00e9ro SIRET 750 781 833 00025<\/strong><\/h4>\n","protected":false},"excerpt":{"rendered":"<p>Contact: helene.f.creation@gmail.com Je veux faire passer l&#8216;\u00e9motion, le mouvement \u00e0 travers mes sculptures .Chaque mod\u00e8le est diff\u00e9rent et, comme dans la danse ou le th\u00e9\u00e2tre, le corps laisse transparaitre des \u00e9motions. J&#8217;aime l&#8217;humain dans sa diversit\u00e9 ainsi que la sensibilit\u00e9 &hellip;<\/p>\n<p class=\"read-more\"> <a class=\"more-link\" href=\"http:\/\/sculpture.helene-fonchain.fr\/\"> <span class=\"screen-reader-text\">H\u00e9l\u00e8ne FONCHAIN Sculptrice \u00e0 Carnoux-en-Provence<\/span> Read More &raquo;<\/a><\/p>\n","protected":false},"author":2,"featured_media":0,"parent":0,"menu_order":0,"comment_status":"closed","ping_status":"closed","template":"","meta":{"footnotes":""},"class_list":["post-59","page","type-page","status-publish","hentry"],"_links":{"self":[{"href":"http:\/\/sculpture.helene-fonchain.fr\/index.php?rest_route=\/wp\/v2\/pages\/59","targetHints":{"allow":["GET"]}}],"collection":[{"href":"http:\/\/sculpture.helene-fonchain.fr\/index.php?rest_route=\/wp\/v2\/pages"}],"about":[{"href":"http:\/\/sculpture.helene-fonchain.fr\/index.php?rest_route=\/wp\/v2\/types\/page"}],"author":[{"embeddable":true,"href":"http:\/\/sculpture.helene-fonchain.fr\/index.php?rest_route=\/wp\/v2\/users\/2"}],"replies":[{"embeddable":true,"href":"http:\/\/sculpture.helene-fonchain.fr\/index.php?rest_route=%2Fwp%2Fv2%2Fcomments&post=59"}],"version-history":[{"count":0,"href":"http:\/\/sculpture.helene-fonchain.fr\/index.php?rest_route=\/wp\/v2\/pages\/59\/revisions"}],"wp:attachment":[{"href":"http:\/\/sculpture.helene-fonchain.fr\/index.php?rest_route=%2Fwp%2Fv2%2Fmedia&parent=59"}],"curies":[{"name":"wp","href":"https:\/\/api.w.org\/{rel}","templated":true}]}}